{"id":12,"date":"2019-09-16T13:26:16","date_gmt":"2019-09-16T11:26:16","guid":{"rendered":"http:\/\/asso-lejedeletre.com\/?page_id=12"},"modified":"2023-05-04T11:11:02","modified_gmt":"2023-05-04T09:11:02","slug":"association","status":"publish","type":"page","link":"https:\/\/www.latelierraphael.fr\/index.php\/association\/","title":{"rendered":"Qui sommes-nous ?"},"content":{"rendered":"\t\t<div data-elementor-type=\"wp-page\" data-elementor-id=\"12\" class=\"elementor elementor-12\" data-elementor-settings=\"[]\">\n\t\t\t\t\t\t<div class=\"elementor-inner\">\n\t\t\t\t\t\t\t<div class=\"elementor-section-wrap\">\n\t\t\t\t\t\t\t<section class=\"elementor-section elementor-top-section elementor-element elementor-element-87d060b elementor-hidden-tablet elementor-hidden-phone elementor-section-boxed elementor-section-height-default elementor-section-height-default\" data-id=\"87d060b\" data-element_type=\"section\">\n\t\t\t\t\t\t<div class=\"elementor-container elementor-column-gap-default\">\n\t\t\t\t\t\t\t<div class=\"elementor-row\">\n\t\t\t\t\t<div class=\"elementor-column elementor-col-66 elementor-top-column elementor-element elementor-element-7155553\" data-id=\"7155553\" data-element_type=\"column\">\n\t\t\t<div class=\"elementor-column-wrap elementor-element-populated\">\n\t\t\t\t\t\t\t<div class=\"elementor-widget-wrap\">\n\t\t\t\t\t\t<div class=\"elementor-element elementor-element-00be6c0 elementor-widget elementor-widget-heading\" data-id=\"00be6c0\" data-element_type=\"widget\" data-widget_type=\"heading.default\">\n\t\t\t\t<div class=\"elementor-widget-container\">\n\t\t\t<h2 class=\"elementor-heading-title elementor-size-default\">Le JE de l'\u00catre et l'Atelier Rapha\u00ebl<\/h2>\t\t<\/div>\n\t\t\t\t<\/div>\n\t\t\t\t<div class=\"elementor-element elementor-element-f2ac6bb elementor-widget elementor-widget-text-editor\" data-id=\"f2ac6bb\" data-element_type=\"widget\" data-widget_type=\"text-editor.default\">\n\t\t\t\t<div class=\"elementor-widget-container\">\n\t\t\t\t\t<div class=\"elementor-text-editor elementor-clearfix\"><p><strong>Le JE de l&rsquo;\u00catre<\/strong> est une association loi 1901 cr\u00e9\u00e9e en 2018 dans le but de promouvoir l\u2019expression de \u00ab l\u2019\u00catre \u00bb sous toutes ses formes, qu\u2019elles soient artistiques, culturelles, sociales ou philosophiques. Pour cela elle organise des formations et des ateliers sur l\u2019art-th\u00e9rapie ou sur d&rsquo;autres disciplines li\u00e9es au d\u00e9veloppement personnel.\u00a0C&rsquo;est une association \u00e0 but non lucratif, politiquement et confessionnellement neutre.<\/p><\/div>\n\t\t\t\t<\/div>\n\t\t\t\t<\/div>\n\t\t\t\t<div class=\"elementor-element elementor-element-c6c9f46 elementor-widget elementor-widget-text-editor\" data-id=\"c6c9f46\" data-element_type=\"widget\" data-widget_type=\"text-editor.default\">\n\t\t\t\t<div class=\"elementor-widget-container\">\n\t\t\t\t\t<div class=\"elementor-text-editor elementor-clearfix\"><p style=\"margin-bottom: .0001pt; mso-add-space: auto; text-indent: -18.0pt; mso-list: l0 level1 lfo1;\">\u00a0\u00a0\u00a0\u00a0\u00a0 N\u00e9e de l&rsquo;impulsion de <a href=\"http:\/\/www.latelierraphael.fr\/index.php\/les-intervenants\/\">Catherine Bonneval<\/a>, cette association a pour projet initial de r\u00e9pondre \u00e0 la demande appuy\u00e9e de personnes participant \u00e0 ses ateliers d&rsquo;approfondir leurs connaissances de la <a href=\"http:\/\/www.latelierraphael.fr\/index.php\/la-methode-de-margarethe-hauschka\/\">m\u00e9thode de peinture th\u00e9rapeutique de Margarethe Hauschka <\/a>afin de pouvoir elles-m\u00eame accompagner des personnes dans des ateliers ou en institutions.<\/p><p>Peu \u00e0 peu, l&rsquo;association vise \u00e0 faire conna\u00eetre cette m\u00e9thode \u00e0 un plus large \u00e9ventail de personnes port\u00e9es vers les arts th\u00e9rapeutiques, notamment \u00e0 des art-th\u00e9rapeutes en activit\u00e9 issus d&rsquo;autres \u00e9coles qui souhaitent \u00e9largir leur pratique. Son projet est aussi d&rsquo;enrichir l&rsquo;offre d&rsquo;enseignement avec d&rsquo;autres arts d&rsquo;orientation anthroposophique tels que le modelage, le dessin au petit trait, le dessin de formes, etc.<\/p><\/div>\n\t\t\t\t<\/div>\n\t\t\t\t<\/div>\n\t\t\t\t<div class=\"elementor-element elementor-element-63a9fbf elementor-widget elementor-widget-text-editor\" data-id=\"63a9fbf\" data-element_type=\"widget\" data-widget_type=\"text-editor.default\">\n\t\t\t\t<div class=\"elementor-widget-container\">\n\t\t\t\t\t<div class=\"elementor-text-editor elementor-clearfix\"><p>Afin de distinguer la p\u00e9dagogie et l&rsquo;enseignement des aspects administratifs, en janvier 2020 na\u00eet l&rsquo;<strong>Atelier Rapha\u00ebl,<\/strong>\u00a0g\u00e9r\u00e9 par l&rsquo;association.<\/p><\/div>\n\t\t\t\t<\/div>\n\t\t\t\t<\/div>\n\t\t\t\t\t\t<\/div>\n\t\t\t\t\t<\/div>\n\t\t<\/div>\n\t\t\t\t<div class=\"elementor-column elementor-col-33 elementor-top-column elementor-element elementor-element-96f6e0d\" data-id=\"96f6e0d\" data-element_type=\"column\">\n\t\t\t<div class=\"elementor-column-wrap elementor-element-populated\">\n\t\t\t\t\t\t\t<div class=\"elementor-widget-wrap\">\n\t\t\t\t\t\t<div class=\"elementor-element elementor-element-6664527 elementor-widget elementor-widget-image\" data-id=\"6664527\" data-element_type=\"widget\" data-widget_type=\"image.default\">\n\t\t\t\t<div class=\"elementor-widget-container\">\n\t\t\t\t\t<div class=\"elementor-image\">\n\t\t\t\t\t\t\t\t\t\t<img src=\"https:\/\/www.latelierraphael.fr\/wp-content\/uploads\/elementor\/thumbs\/steph-emotion-juin17-scaled-ok4r5sopgmdyrtszt99yvws24friik493d9cqwcy68.jpg\" title=\"steph emotion juin17\" alt=\"steph emotion juin17\" \/>\t\t\t\t\t\t\t\t\t\t\t<\/div>\n\t\t\t\t<\/div>\n\t\t\t\t<\/div>\n\t\t\t\t\t\t<\/div>\n\t\t\t\t\t<\/div>\n\t\t<\/div>\n\t\t\t\t\t\t\t\t<\/div>\n\t\t\t\t\t<\/div>\n\t\t<\/section>\n\t\t\t\t<section class=\"elementor-section elementor-top-section elementor-element elementor-element-9a9169a elementor-hidden-desktop elementor-section-boxed elementor-section-height-default elementor-section-height-default\" data-id=\"9a9169a\" data-element_type=\"section\">\n\t\t\t\t\t\t<div class=\"elementor-container elementor-column-gap-default\">\n\t\t\t\t\t\t\t<div class=\"elementor-row\">\n\t\t\t\t\t<div class=\"elementor-column elementor-col-100 elementor-top-column elementor-element elementor-element-a8d2768\" data-id=\"a8d2768\" data-element_type=\"column\">\n\t\t\t<div class=\"elementor-column-wrap elementor-element-populated\">\n\t\t\t\t\t\t\t<div class=\"elementor-widget-wrap\">\n\t\t\t\t\t\t<div class=\"elementor-element elementor-element-6bb100b elementor-widget elementor-widget-heading\" data-id=\"6bb100b\" data-element_type=\"widget\" data-widget_type=\"heading.default\">\n\t\t\t\t<div class=\"elementor-widget-container\">\n\t\t\t<h2 class=\"elementor-heading-title elementor-size-default\">Le JE de l'\u00catre et L'Atelier Rapha\u00ebl<\/h2>\t\t<\/div>\n\t\t\t\t<\/div>\n\t\t\t\t<div class=\"elementor-element elementor-element-74e5e96 elementor-widget elementor-widget-text-editor\" data-id=\"74e5e96\" data-element_type=\"widget\" data-widget_type=\"text-editor.default\">\n\t\t\t\t<div class=\"elementor-widget-container\">\n\t\t\t\t\t<div class=\"elementor-text-editor elementor-clearfix\"><p><strong>Le JE de l&rsquo;\u00catre<\/strong> est une association loi 1901 cr\u00e9\u00e9e en 2018 dans le but de promouvoir l\u2019expression de \u00ab l\u2019\u00catre \u00bb sous toutes ses formes, qu\u2019elles soient artistiques, culturelles, sociales ou philosophiques. Pour cela elle organise des formations et des ateliers sur l\u2019art-th\u00e9rapie ou sur d&rsquo;autres disciplines li\u00e9es au d\u00e9veloppement personnel.\u00a0C&rsquo;est une association \u00e0 but non lucratif, politiquement et confessionnellement neutre.<\/p><\/div>\n\t\t\t\t<\/div>\n\t\t\t\t<\/div>\n\t\t\t\t<div class=\"elementor-element elementor-element-1821d4b elementor-widget elementor-widget-image\" data-id=\"1821d4b\" data-element_type=\"widget\" data-widget_type=\"image.default\">\n\t\t\t\t<div class=\"elementor-widget-container\">\n\t\t\t\t\t<div class=\"elementor-image\">\n\t\t\t\t\t\t\t\t\t\t<img width=\"215\" height=\"300\" src=\"https:\/\/www.latelierraphael.fr\/wp-content\/uploads\/2019\/11\/steph-emotion-juin17-215x300.jpg\" class=\"attachment-medium size-medium\" alt=\"\" loading=\"lazy\" srcset=\"https:\/\/www.latelierraphael.fr\/wp-content\/uploads\/2019\/11\/steph-emotion-juin17-215x300.jpg 215w, https:\/\/www.latelierraphael.fr\/wp-content\/uploads\/2019\/11\/steph-emotion-juin17-735x1024.jpg 735w, https:\/\/www.latelierraphael.fr\/wp-content\/uploads\/2019\/11\/steph-emotion-juin17-768x1070.jpg 768w, https:\/\/www.latelierraphael.fr\/wp-content\/uploads\/2019\/11\/steph-emotion-juin17-1103x1536.jpg 1103w, https:\/\/www.latelierraphael.fr\/wp-content\/uploads\/2019\/11\/steph-emotion-juin17-1470x2048.jpg 1470w, https:\/\/www.latelierraphael.fr\/wp-content\/uploads\/2019\/11\/steph-emotion-juin17-scaled.jpg 1838w\" sizes=\"(max-width: 215px) 100vw, 215px\" \/>\t\t\t\t\t\t\t\t\t\t\t<\/div>\n\t\t\t\t<\/div>\n\t\t\t\t<\/div>\n\t\t\t\t<div class=\"elementor-element elementor-element-ff5539c elementor-widget elementor-widget-text-editor\" data-id=\"ff5539c\" data-element_type=\"widget\" data-widget_type=\"text-editor.default\">\n\t\t\t\t<div class=\"elementor-widget-container\">\n\t\t\t\t\t<div class=\"elementor-text-editor elementor-clearfix\"><p style=\"margin-bottom: .0001pt; mso-add-space: auto; text-indent: -18.0pt; mso-list: l0 level1 lfo1;\">\u00a0 \u00a0 \u00a0<\/p><p style=\"margin-bottom: .0001pt; mso-add-space: auto; text-indent: -18.0pt; mso-list: l0 level1 lfo1;\">\u00a0 \u00a0 \u00a0 N\u00e9e de l&rsquo;impulsion de <a href=\"http:\/\/www.latelierraphael.fr\/index.php\/les-intervenants\/\">Catherine Bonneval<\/a>, cette association a pour projet initial de r\u00e9pondre \u00e0 la demande appuy\u00e9e de personnes participant \u00e0 ses ateliers d&rsquo;approfondir leurs connaissances de la <a href=\"http:\/\/www.latelierraphael.fr\/index.php\/la-methode-de-margarethe-hauschka\/\">m\u00e9thode de peinture th\u00e9rapeutique de Margarethe Hauschka <\/a>afin de pouvoir elles-m\u00eame accompagner des personnes dans des ateliers ou en institutions.<\/p><p>Peu \u00e0 peu, l&rsquo;association vise \u00e0 faire conna\u00eetre cette m\u00e9thode \u00e0 un plus large \u00e9ventail de personnes port\u00e9es vers les arts th\u00e9rapeutiques, notamment \u00e0 des art-th\u00e9rapeutes en activit\u00e9 issus d&rsquo;autres \u00e9coles qui souhaitent \u00e9largir leur pratique. Son projet est aussi d&rsquo;enrichir l&rsquo;offre d&rsquo;enseignement avec d&rsquo;autres arts d&rsquo;orientation anthroposophique tels que le modelage, le dessin au petit trait, le dessin de formes, etc.<\/p><\/div>\n\t\t\t\t<\/div>\n\t\t\t\t<\/div>\n\t\t\t\t<div class=\"elementor-element elementor-element-0ecc810 elementor-widget elementor-widget-text-editor\" data-id=\"0ecc810\" data-element_type=\"widget\" data-widget_type=\"text-editor.default\">\n\t\t\t\t<div class=\"elementor-widget-container\">\n\t\t\t\t\t<div class=\"elementor-text-editor elementor-clearfix\"><p>Afin de distinguer la p\u00e9dagogie et l&rsquo;enseignement des aspects administratifs, en janvier 2020 na\u00eet l&rsquo;<strong>Atelier Rapha\u00ebl,<\/strong>\u00a0g\u00e9r\u00e9 par l&rsquo;association.<\/p><\/div>\n\t\t\t\t<\/div>\n\t\t\t\t<\/div>\n\t\t\t\t\t\t<\/div>\n\t\t\t\t\t<\/div>\n\t\t<\/div>\n\t\t\t\t\t\t\t\t<\/div>\n\t\t\t\t\t<\/div>\n\t\t<\/section>\n\t\t\t\t<section class=\"elementor-section elementor-top-section elementor-element elementor-element-796bb22 elementor-section-boxed elementor-section-height-default elementor-section-height-default\" data-id=\"796bb22\" data-element_type=\"section\">\n\t\t\t\t\t\t<div class=\"elementor-container elementor-column-gap-default\">\n\t\t\t\t\t\t\t<div class=\"elementor-row\">\n\t\t\t\t\t<div class=\"elementor-column elementor-col-100 elementor-top-column elementor-element elementor-element-b34a2d4\" data-id=\"b34a2d4\" data-element_type=\"column\">\n\t\t\t<div class=\"elementor-column-wrap elementor-element-populated\">\n\t\t\t\t\t\t\t<div class=\"elementor-widget-wrap\">\n\t\t\t\t\t\t<div class=\"elementor-element elementor-element-0769a72 elementor-widget elementor-widget-heading\" data-id=\"0769a72\" data-element_type=\"widget\" data-widget_type=\"heading.default\">\n\t\t\t\t<div class=\"elementor-widget-container\">\n\t\t\t<h4 class=\"elementor-heading-title elementor-size-default\">Adh\u00e9sion<\/h4>\t\t<\/div>\n\t\t\t\t<\/div>\n\t\t\t\t<div class=\"elementor-element elementor-element-6693398 elementor-widget elementor-widget-text-editor\" data-id=\"6693398\" data-element_type=\"widget\" data-widget_type=\"text-editor.default\">\n\t\t\t\t<div class=\"elementor-widget-container\">\n\t\t\t\t\t<div class=\"elementor-text-editor elementor-clearfix\"><p>Toute participation \u00e0 une formation ou \u00e0 un stage propos\u00e9 par l&rsquo;association n\u00e9cessite d&rsquo;adh\u00e9rer \u00e0 l&rsquo;association. La cotisation annuelle est de 6 \u20ac.<\/p><\/div>\n\t\t\t\t<\/div>\n\t\t\t\t<\/div>\n\t\t\t\t<div class=\"elementor-element elementor-element-07a77cf elementor-align-right elementor-mobile-align-left elementor-widget elementor-widget-button\" data-id=\"07a77cf\" data-element_type=\"widget\" data-widget_type=\"button.default\">\n\t\t\t\t<div class=\"elementor-widget-container\">\n\t\t\t\t\t<div class=\"elementor-button-wrapper\">\n\t\t\t<a href=\"https:\/\/www.latelierraphael.fr\/index.php\/quest-ce-que-lart-therapie\/\" class=\"elementor-button-link elementor-button elementor-size-sm\" role=\"button\">\n\t\t\t\t\t\t<span class=\"elementor-button-content-wrapper\">\n\t\t\t\t\t\t<span class=\"elementor-button-icon elementor-align-icon-right\">\n\t\t\t\t<i aria-hidden=\"true\" class=\"fas fa-arrow-right\"><\/i>\t\t\t<\/span>\n\t\t\t\t\t\t<span class=\"elementor-button-text\">L'art-th\u00e9rapie et le m\u00e9tier d'art-th\u00e9rapeute...<\/span>\n\t\t<\/span>\n\t\t\t\t\t<\/a>\n\t\t<\/div>\n\t\t\t\t<\/div>\n\t\t\t\t<\/div>\n\t\t\t\t<div class=\"elementor-element elementor-element-8cf4ee4 elementor-align-right elementor-mobile-align-left elementor-widget elementor-widget-button\" data-id=\"8cf4ee4\" data-element_type=\"widget\" data-widget_type=\"button.default\">\n\t\t\t\t<div class=\"elementor-widget-container\">\n\t\t\t\t\t<div class=\"elementor-button-wrapper\">\n\t\t\t<a href=\"https:\/\/www.latelierraphael.fr\/index.php\/la-methode-de-margarethe-hauschka\/\" class=\"elementor-button-link elementor-button elementor-size-sm\" role=\"button\">\n\t\t\t\t\t\t<span class=\"elementor-button-content-wrapper\">\n\t\t\t\t\t\t<span class=\"elementor-button-icon elementor-align-icon-right\">\n\t\t\t\t<i aria-hidden=\"true\" class=\"fas fa-arrow-right\"><\/i>\t\t\t<\/span>\n\t\t\t\t\t\t<span class=\"elementor-button-text\">La m\u00e9thode de Margarethe Hauschka...<\/span>\n\t\t<\/span>\n\t\t\t\t\t<\/a>\n\t\t<\/div>\n\t\t\t\t<\/div>\n\t\t\t\t<\/div>\n\t\t\t\t<div class=\"elementor-element elementor-element-2c844d4 elementor-widget elementor-widget-spacer\" data-id=\"2c844d4\" data-element_type=\"widget\" data-widget_type=\"spacer.default\">\n\t\t\t\t<div class=\"elementor-widget-container\">\n\t\t\t\t\t<div class=\"elementor-spacer\">\n\t\t\t<div class=\"elementor-spacer-inner\"><\/div>\n\t\t<\/div>\n\t\t\t\t<\/div>\n\t\t\t\t<\/div>\n\t\t\t\t\t\t<\/div>\n\t\t\t\t\t<\/div>\n\t\t<\/div>\n\t\t\t\t\t\t\t\t<\/div>\n\t\t\t\t\t<\/div>\n\t\t<\/section>\n\t\t\t\t\t\t<\/div>\n\t\t\t\t\t\t<\/div>\n\t\t\t\t\t<\/div>\n\t\t","protected":false},"excerpt":{"rendered":"<p>Le JE de l&rsquo;\u00catre et l&rsquo;Atelier Rapha\u00ebl Le JE de l&rsquo;\u00catre est une association loi 1901 cr\u00e9\u00e9e en 2018 dans le but de promouvoir l\u2019expression de \u00ab l\u2019\u00catre \u00bb sous toutes ses formes, qu\u2019elles soient artistiques, culturelles, sociales ou philosophiques. Pour cela elle organise des formations et des ateliers sur l\u2019art-th\u00e9rapie ou sur d&rsquo;autres disciplines [&hellip;]<\/p>\n","protected":false},"author":1,"featured_media":0,"parent":0,"menu_order":0,"comment_status":"closed","ping_status":"closed","template":"","meta":{"_monsterinsights_skip_tracking":false,"_monsterinsights_sitenote_active":false,"_monsterinsights_sitenote_note":"","_monsterinsights_sitenote_category":0},"yoast_head":"<!-- This site is optimized with the Yoast SEO plugin v15.8 - https:\/\/yoast.com\/wordpress\/plugins\/seo\/ -->\n<title>Qui sommes-nous ? - L&#039;Atelier Rapha\u00ebl<\/title>\n<meta name=\"robots\" content=\"index, follow, max-snippet:-1, max-image-preview:large, max-video-preview:-1\" \/>\n<link rel=\"canonical\" href=\"https:\/\/www.latelierraphael.fr\/index.php\/association\/\" \/>\n<meta property=\"og:locale\" content=\"fr_FR\" \/>\n<meta property=\"og:type\" content=\"article\" \/>\n<meta property=\"og:title\" content=\"Qui sommes-nous ? - L&#039;Atelier Rapha\u00ebl\" \/>\n<meta property=\"og:description\" content=\"Le JE de l&rsquo;\u00catre et l&rsquo;Atelier Rapha\u00ebl Le JE de l&rsquo;\u00catre est une association loi 1901 cr\u00e9\u00e9e en 2018 dans le but de promouvoir l\u2019expression de \u00ab l\u2019\u00catre \u00bb sous toutes ses formes, qu\u2019elles soient artistiques, culturelles, sociales ou philosophiques. Pour cela elle organise des formations et des ateliers sur l\u2019art-th\u00e9rapie ou sur d&rsquo;autres disciplines [&hellip;]\" \/>\n<meta property=\"og:url\" content=\"https:\/\/www.latelierraphael.fr\/index.php\/association\/\" \/>\n<meta property=\"og:site_name\" content=\"L&#039;Atelier Rapha\u00ebl\" \/>\n<meta property=\"article:modified_time\" content=\"2023-05-04T09:11:02+00:00\" \/>\n<meta property=\"og:image\" content=\"https:\/\/www.latelierraphael.fr\/wp-content\/uploads\/elementor\/thumbs\/steph-emotion-juin17-scaled-ok4r5sopgmdyrtszt99yvws24friik493d9cqwcy68.jpg\" \/>\n<meta name=\"twitter:card\" content=\"summary_large_image\" \/>\n<meta name=\"twitter:label1\" content=\"Dur\u00e9e de lecture est.\">\n\t<meta name=\"twitter:data1\" content=\"3 minutes\">\n<script type=\"application\/ld+json\" class=\"yoast-schema-graph\">{\"@context\":\"https:\/\/schema.org\",\"@graph\":[{\"@type\":\"Organization\",\"@id\":\"https:\/\/www.latelierraphael.fr\/#organization\",\"name\":\"L'Atelier Rapha\\u00ebl\",\"url\":\"https:\/\/www.latelierraphael.fr\/\",\"sameAs\":[],\"logo\":{\"@type\":\"ImageObject\",\"@id\":\"https:\/\/www.latelierraphael.fr\/#logo\",\"inLanguage\":\"fr-FR\",\"url\":\"https:\/\/www.latelierraphael.fr\/wp-content\/uploads\/2020\/01\/logo-test-ppt.jpg\",\"width\":1280,\"height\":720,\"caption\":\"L'Atelier Rapha\\u00ebl\"},\"image\":{\"@id\":\"https:\/\/www.latelierraphael.fr\/#logo\"}},{\"@type\":\"WebSite\",\"@id\":\"https:\/\/www.latelierraphael.fr\/#website\",\"url\":\"https:\/\/www.latelierraphael.fr\/\",\"name\":\"L&#039;Atelier Rapha\\u00ebl\",\"description\":\"Formations d&#039;art-th\\u00e9rapie selon la m\\u00e9thode de peinture de Margarethe Hauschka\",\"publisher\":{\"@id\":\"https:\/\/www.latelierraphael.fr\/#organization\"},\"potentialAction\":[{\"@type\":\"SearchAction\",\"target\":\"https:\/\/www.latelierraphael.fr\/?s={search_term_string}\",\"query-input\":\"required name=search_term_string\"}],\"inLanguage\":\"fr-FR\"},{\"@type\":\"ImageObject\",\"@id\":\"https:\/\/www.latelierraphael.fr\/index.php\/association\/#primaryimage\",\"inLanguage\":\"fr-FR\",\"url\":\"https:\/\/www.latelierraphael.fr\/wp-content\/uploads\/elementor\/thumbs\/steph-emotion-juin17-scaled-ok4r5sopgmdyrtszt99yvws24friik493d9cqwcy68.jpg\"},{\"@type\":\"WebPage\",\"@id\":\"https:\/\/www.latelierraphael.fr\/index.php\/association\/#webpage\",\"url\":\"https:\/\/www.latelierraphael.fr\/index.php\/association\/\",\"name\":\"Qui sommes-nous ? - L&#039;Atelier Rapha\\u00ebl\",\"isPartOf\":{\"@id\":\"https:\/\/www.latelierraphael.fr\/#website\"},\"primaryImageOfPage\":{\"@id\":\"https:\/\/www.latelierraphael.fr\/index.php\/association\/#primaryimage\"},\"datePublished\":\"2019-09-16T11:26:16+00:00\",\"dateModified\":\"2023-05-04T09:11:02+00:00\",\"breadcrumb\":{\"@id\":\"https:\/\/www.latelierraphael.fr\/index.php\/association\/#breadcrumb\"},\"inLanguage\":\"fr-FR\",\"potentialAction\":[{\"@type\":\"ReadAction\",\"target\":[\"https:\/\/www.latelierraphael.fr\/index.php\/association\/\"]}]},{\"@type\":\"BreadcrumbList\",\"@id\":\"https:\/\/www.latelierraphael.fr\/index.php\/association\/#breadcrumb\",\"itemListElement\":[{\"@type\":\"ListItem\",\"position\":1,\"item\":{\"@type\":\"WebPage\",\"@id\":\"https:\/\/www.latelierraphael.fr\/\",\"url\":\"https:\/\/www.latelierraphael.fr\/\",\"name\":\"Accueil\"}},{\"@type\":\"ListItem\",\"position\":2,\"item\":{\"@type\":\"WebPage\",\"@id\":\"https:\/\/www.latelierraphael.fr\/index.php\/association\/\",\"url\":\"https:\/\/www.latelierraphael.fr\/index.php\/association\/\",\"name\":\"Qui sommes-nous ?\"}}]}]}<\/script>\n<!-- \/ Yoast SEO plugin. -->","_links":{"self":[{"href":"https:\/\/www.latelierraphael.fr\/index.php\/wp-json\/wp\/v2\/pages\/12"}],"collection":[{"href":"https:\/\/www.latelierraphael.fr\/index.php\/wp-json\/wp\/v2\/pages"}],"about":[{"href":"https:\/\/www.latelierraphael.fr\/index.php\/wp-json\/wp\/v2\/types\/page"}],"author":[{"embeddable":true,"href":"https:\/\/www.latelierraphael.fr\/index.php\/wp-json\/wp\/v2\/users\/1"}],"replies":[{"embeddable":true,"href":"https:\/\/www.latelierraphael.fr\/index.php\/wp-json\/wp\/v2\/comments?post=12"}],"version-history":[{"count":104,"href":"https:\/\/www.latelierraphael.fr\/index.php\/wp-json\/wp\/v2\/pages\/12\/revisions"}],"predecessor-version":[{"id":3027,"href":"https:\/\/www.latelierraphael.fr\/index.php\/wp-json\/wp\/v2\/pages\/12\/revisions\/3027"}],"wp:attachment":[{"href":"https:\/\/www.latelierraphael.fr\/index.php\/wp-json\/wp\/v2\/media?parent=12"}],"curies":[{"name":"wp","href":"https:\/\/api.w.org\/{rel}","templated":true}]}}