{"id":15,"date":"2019-09-16T13:26:16","date_gmt":"2019-09-16T11:26:16","guid":{"rendered":"http:\/\/asso-lejedeletre.com\/?page_id=15"},"modified":"2023-05-04T10:48:53","modified_gmt":"2023-05-04T08:48:53","slug":"la-methode-de-margarethe-hauschka","status":"publish","type":"page","link":"https:\/\/www.latelierraphael.fr\/index.php\/la-methode-de-margarethe-hauschka\/","title":{"rendered":"La m\u00e9thode du Dr Margarethe Hauschka"},"content":{"rendered":"\t\t<div data-elementor-type=\"wp-page\" data-elementor-id=\"15\" class=\"elementor elementor-15\" data-elementor-settings=\"[]\">\n\t\t\t\t\t\t<div class=\"elementor-inner\">\n\t\t\t\t\t\t\t<div class=\"elementor-section-wrap\">\n\t\t\t\t\t\t\t<section class=\"elementor-section elementor-top-section elementor-element elementor-element-796f976 elementor-section-boxed elementor-section-height-default elementor-section-height-default\" data-id=\"796f976\" data-element_type=\"section\">\n\t\t\t\t\t\t<div class=\"elementor-container elementor-column-gap-default\">\n\t\t\t\t\t\t\t<div class=\"elementor-row\">\n\t\t\t\t\t<div class=\"elementor-column elementor-col-66 elementor-top-column elementor-element elementor-element-6c305b5\" data-id=\"6c305b5\" data-element_type=\"column\">\n\t\t\t<div class=\"elementor-column-wrap elementor-element-populated\">\n\t\t\t\t\t\t\t<div class=\"elementor-widget-wrap\">\n\t\t\t\t\t\t<div class=\"elementor-element elementor-element-5bfb7b7 elementor-widget elementor-widget-text-editor\" data-id=\"5bfb7b7\" data-element_type=\"widget\" data-widget_type=\"text-editor.default\">\n\t\t\t\t<div class=\"elementor-widget-container\">\n\t\t\t\t\t<div class=\"elementor-text-editor elementor-clearfix\"><p><strong>Margarethe Hauschka<\/strong> est une m\u00e9decin et artiste allemande n\u00e9e en 1896. Elle tire partie de son exp\u00e9rience aupr\u00e8s de patients de la clinique d&rsquo;Arlesheim en Suisse pour cr\u00e9er sa m\u00e9thode de peinture. S&rsquo;inspirant des travaux de Goethe sur la nature des couleurs, elle adopte la vision de Rudolf Steiner sur la nature humaine et sa conception de la m\u00e9decine. Selon cette vision, les arts th\u00e9rapeutiques tels que le modelage, le geste, le son et la peinture font partie int\u00e9grante de l&rsquo;accompagnement de la personne dans le soutien du processus de gu\u00e9rison physique ou psychique.<\/p><\/div>\n\t\t\t\t<\/div>\n\t\t\t\t<\/div>\n\t\t\t\t<div class=\"elementor-element elementor-element-b3c1adf elementor-hidden-desktop elementor-hidden-tablet elementor-widget elementor-widget-image\" data-id=\"b3c1adf\" data-element_type=\"widget\" data-widget_type=\"image.default\">\n\t\t\t\t<div class=\"elementor-widget-container\">\n\t\t\t\t\t<div class=\"elementor-image\">\n\t\t\t\t\t\t\t\t\t\t<img width=\"250\" height=\"250\" src=\"https:\/\/www.latelierraphael.fr\/wp-content\/uploads\/2019\/10\/Margarethe_Hauschka.jpg\" class=\"attachment-2048x2048 size-2048x2048\" alt=\"Photo de Margarethe Hauschka\" loading=\"lazy\" srcset=\"https:\/\/www.latelierraphael.fr\/wp-content\/uploads\/2019\/10\/Margarethe_Hauschka.jpg 250w, https:\/\/www.latelierraphael.fr\/wp-content\/uploads\/2019\/10\/Margarethe_Hauschka-150x150.jpg 150w\" sizes=\"(max-width: 250px) 100vw, 250px\" \/>\t\t\t\t\t\t\t\t\t\t\t<\/div>\n\t\t\t\t<\/div>\n\t\t\t\t<\/div>\n\t\t\t\t<div class=\"elementor-element elementor-element-f2f2116 elementor-hidden-tablet elementor-widget elementor-widget-text-editor\" data-id=\"f2f2116\" data-element_type=\"widget\" data-widget_type=\"text-editor.default\">\n\t\t\t\t<div class=\"elementor-widget-container\">\n\t\t\t\t\t<div class=\"elementor-text-editor elementor-clearfix\"><p>Ainsi selon Margarethe Hauschka, la peinture aquarelle s\u2019adresse \u00e0 l\u2019\u00e2me et aux 3 p\u00f4les qui la constituent :<\/p><ul><li>le p\u00f4le de la \u00ab pens\u00e9e \u00bb,<\/li><li>le p\u00f4le du \u00ab sentiment \u00bb,<\/li><li>le p\u00f4le de la \u00ab volont\u00e9 \u00bb.<\/li><li style=\"list-style-type: none;\"><ul><li style=\"list-style-type: none;\"><ul><li style=\"list-style-type: none;\">\u00a0<\/li><\/ul><\/li><\/ul><\/li><\/ul><p>Lorsqu&rsquo;un p\u00f4le pr\u00e9domine, des dysfonctionnements apparaissent, se traduisant par des troubles physiques et\/ou psychiques. La feuille de peinture, telle un miroir, permet alors de r\u00e9v\u00e9ler ce qui a pu se durcir en soi, s\u2019enflammer ou se vider, engendrant au fil du temps des dysfonctionnements pouvant aller jusqu\u2019\u00e0 l\u2019apparition de la maladie. L&rsquo;art-th\u00e9rapeute peut alors proposer un travail individualis\u00e9 afin de cheminer vers\u00a0 cet \u00e9quilibre rompu entre ces 3 p\u00f4les. La peinture va alors agir comme un \u00ab\u00a0m\u00e9dicament de l\u2019\u00e2me\u00a0\u00bb.<\/p><\/div>\n\t\t\t\t<\/div>\n\t\t\t\t<\/div>\n\t\t\t\t\t\t<\/div>\n\t\t\t\t\t<\/div>\n\t\t<\/div>\n\t\t\t\t<div class=\"elementor-column elementor-col-33 elementor-top-column elementor-element elementor-element-7f1bb1f\" data-id=\"7f1bb1f\" data-element_type=\"column\">\n\t\t\t<div class=\"elementor-column-wrap elementor-element-populated\">\n\t\t\t\t\t\t\t<div class=\"elementor-widget-wrap\">\n\t\t\t\t\t\t<div class=\"elementor-element elementor-element-6794701 elementor-hidden-phone elementor-widget elementor-widget-image\" data-id=\"6794701\" data-element_type=\"widget\" data-widget_type=\"image.default\">\n\t\t\t\t<div class=\"elementor-widget-container\">\n\t\t\t\t\t<div class=\"elementor-image\">\n\t\t\t\t\t\t\t\t\t\t<img width=\"250\" height=\"250\" src=\"https:\/\/www.latelierraphael.fr\/wp-content\/uploads\/2019\/10\/Margarethe_Hauschka.jpg\" class=\"attachment-2048x2048 size-2048x2048\" alt=\"Photo de Margarethe Hauschka\" loading=\"lazy\" srcset=\"https:\/\/www.latelierraphael.fr\/wp-content\/uploads\/2019\/10\/Margarethe_Hauschka.jpg 250w, https:\/\/www.latelierraphael.fr\/wp-content\/uploads\/2019\/10\/Margarethe_Hauschka-150x150.jpg 150w\" sizes=\"(max-width: 250px) 100vw, 250px\" \/>\t\t\t\t\t\t\t\t\t\t\t<\/div>\n\t\t\t\t<\/div>\n\t\t\t\t<\/div>\n\t\t\t\t<div class=\"elementor-element elementor-element-04409e8 gallery-spacing-custom elementor-widget elementor-widget-image-gallery\" data-id=\"04409e8\" data-element_type=\"widget\" data-widget_type=\"image-gallery.default\">\n\t\t\t\t<div class=\"elementor-widget-container\">\n\t\t\t\t\t<div class=\"elementor-image-gallery\">\n\t\t\t<div id='gallery-1' class='gallery galleryid-15 gallery-columns-2 gallery-size-medium'><figure class='gallery-item'>\n\t\t\t<div class='gallery-icon portrait'>\n\t\t\t\t<a data-elementor-open-lightbox=\"yes\" data-elementor-lightbox-slideshow=\"04409e8\" data-elementor-lightbox-title=\"arc-en-ciel\" href='https:\/\/www.latelierraphael.fr\/wp-content\/uploads\/2019\/10\/arc-en-ciel.jpg'><img width=\"220\" height=\"300\" src=\"https:\/\/www.latelierraphael.fr\/wp-content\/uploads\/2019\/10\/arc-en-ciel-220x300.jpg\" class=\"attachment-medium size-medium\" alt=\"\" loading=\"lazy\" aria-describedby=\"gallery-1-1037\" srcset=\"https:\/\/www.latelierraphael.fr\/wp-content\/uploads\/2019\/10\/arc-en-ciel-220x300.jpg 220w, https:\/\/www.latelierraphael.fr\/wp-content\/uploads\/2019\/10\/arc-en-ciel.jpg 415w\" sizes=\"(max-width: 220px) 100vw, 220px\" \/><\/a>\n\t\t\t<\/div>\n\t\t\t\t<figcaption class='wp-caption-text gallery-caption' id='gallery-1-1037'>\n\t\t\t\tarc-en-ciel\n\t\t\t\t<\/figcaption><\/figure><figure class='gallery-item'>\n\t\t\t<div class='gallery-icon portrait'>\n\t\t\t\t<a data-elementor-open-lightbox=\"yes\" data-elementor-lightbox-slideshow=\"04409e8\" data-elementor-lightbox-title=\"arc-en-ciel en mouvement\" href='https:\/\/www.latelierraphael.fr\/wp-content\/uploads\/2019\/09\/arc-en-ciel-en-mouvement.jpg'><img width=\"212\" height=\"300\" src=\"https:\/\/www.latelierraphael.fr\/wp-content\/uploads\/2019\/09\/arc-en-ciel-en-mouvement-212x300.jpg\" class=\"attachment-medium size-medium\" alt=\"\" loading=\"lazy\" aria-describedby=\"gallery-1-764\" srcset=\"https:\/\/www.latelierraphael.fr\/wp-content\/uploads\/2019\/09\/arc-en-ciel-en-mouvement-212x300.jpg 212w, https:\/\/www.latelierraphael.fr\/wp-content\/uploads\/2019\/09\/arc-en-ciel-en-mouvement.jpg 401w\" sizes=\"(max-width: 212px) 100vw, 212px\" \/><\/a>\n\t\t\t<\/div>\n\t\t\t\t<figcaption class='wp-caption-text gallery-caption' id='gallery-1-764'>\n\t\t\t\tarc-en-ciel en mouvement\n\t\t\t\t<\/figcaption><\/figure>\n\t\t<\/div>\n\t\t<\/div>\n\t\t\t\t<\/div>\n\t\t\t\t<\/div>\n\t\t\t\t\t\t<\/div>\n\t\t\t\t\t<\/div>\n\t\t<\/div>\n\t\t\t\t\t\t\t\t<\/div>\n\t\t\t\t\t<\/div>\n\t\t<\/section>\n\t\t\t\t<section class=\"elementor-section elementor-top-section elementor-element elementor-element-7a8a18f elementor-section-boxed elementor-section-height-default elementor-section-height-default\" data-id=\"7a8a18f\" data-element_type=\"section\">\n\t\t\t\t\t\t<div class=\"elementor-container elementor-column-gap-default\">\n\t\t\t\t\t\t\t<div class=\"elementor-row\">\n\t\t\t\t\t<div class=\"elementor-column elementor-col-100 elementor-top-column elementor-element elementor-element-2680757\" data-id=\"2680757\" data-element_type=\"column\">\n\t\t\t<div class=\"elementor-column-wrap elementor-element-populated\">\n\t\t\t\t\t\t\t<div class=\"elementor-widget-wrap\">\n\t\t\t\t\t\t<div class=\"elementor-element elementor-element-2c80c6b elementor-hidden-desktop elementor-hidden-phone elementor-widget elementor-widget-text-editor\" data-id=\"2c80c6b\" data-element_type=\"widget\" data-widget_type=\"text-editor.default\">\n\t\t\t\t<div class=\"elementor-widget-container\">\n\t\t\t\t\t<div class=\"elementor-text-editor elementor-clearfix\"><p>Ainsi selon Margarethe Hauschka, la peinture aquarelle s\u2019adresse \u00e0 l\u2019\u00e2me et aux 3 p\u00f4les qui la constituent :<\/p><ul><li style=\"list-style-type: none;\"><ul><li style=\"list-style-type: none;\"><ul><li style=\"list-style-type: none;\"><ul><li>le p\u00f4le de la \u00ab pens\u00e9e \u00bb,<\/li><li>le p\u00f4le du \u00ab sentiment \u00bb,<\/li><li>le p\u00f4le de la \u00ab volont\u00e9 \u00bb.<\/li><\/ul><\/li><\/ul><\/li><\/ul><\/li><\/ul><p>Lorsqu&rsquo;un p\u00f4le pr\u00e9domine, des dysfonctionnements apparaissent, se traduisant par des troubles physiques et\/ou psychiques.\u00a0La feuille de peinture, telle un miroir, permet alors de r\u00e9v\u00e9ler ce qui a pu se durcir en soi, s\u2019enflammer ou se vider, engendrant au fil du temps des dysfonctionnements pouvant aller jusqu\u2019\u00e0 l\u2019apparition de la maladie. L&rsquo;art-th\u00e9rapeute peut alors proposer un travail individualis\u00e9 afin de cheminer vers\u00a0 cet \u00e9quilibre rompu entre ces 3 p\u00f4les. La peinture va alors agir comme\u00a0un m\u00e9dicament de l\u2019\u00e2me.<\/p><\/div>\n\t\t\t\t<\/div>\n\t\t\t\t<\/div>\n\t\t\t\t<div class=\"elementor-element elementor-element-2fb1d6a elementor-widget elementor-widget-text-editor\" data-id=\"2fb1d6a\" data-element_type=\"widget\" data-widget_type=\"text-editor.default\">\n\t\t\t\t<div class=\"elementor-widget-container\">\n\t\t\t\t\t<div class=\"elementor-text-editor elementor-clearfix\"><p>Margarethe Hauschka fonda son \u00e9cole de th\u00e9rapie artistique et de massages en 1962 \u00e0 Boll en Allemagne, o\u00f9 elle dispensera cet enseignement jusqu&rsquo;\u00e0 sa mort en 1980.<\/p><p>Pour plus d&rsquo;informations sur le d\u00e9roulement d&rsquo;une s\u00e9ance de peinture selon cette m\u00e9thode, <a href=\"http:\/\/www.atelier-lejedeletre.com\/methodehauschka\" target=\"_blank\" rel=\"noopener\">cliquez ici<\/a>.<\/p><\/div>\n\t\t\t\t<\/div>\n\t\t\t\t<\/div>\n\t\t\t\t<div class=\"elementor-element elementor-element-13cfa40 elementor-widget elementor-widget-spacer\" data-id=\"13cfa40\" data-element_type=\"widget\" data-widget_type=\"spacer.default\">\n\t\t\t\t<div class=\"elementor-widget-container\">\n\t\t\t\t\t<div class=\"elementor-spacer\">\n\t\t\t<div class=\"elementor-spacer-inner\"><\/div>\n\t\t<\/div>\n\t\t\t\t<\/div>\n\t\t\t\t<\/div>\n\t\t\t\t<div class=\"elementor-element elementor-element-8fbadfa elementor-align-center elementor-widget elementor-widget-button\" data-id=\"8fbadfa\" data-element_type=\"widget\" data-widget_type=\"button.default\">\n\t\t\t\t<div class=\"elementor-widget-container\">\n\t\t\t\t\t<div class=\"elementor-button-wrapper\">\n\t\t\t<a href=\"http:\/\/www.latelierraphael.fr\/index.php\/description-des-formations\/\" class=\"elementor-button-link elementor-button elementor-size-sm\" role=\"button\">\n\t\t\t\t\t\t<span class=\"elementor-button-content-wrapper\">\n\t\t\t\t\t\t<span class=\"elementor-button-icon elementor-align-icon-right\">\n\t\t\t\t<i aria-hidden=\"true\" class=\"fas fa-long-arrow-alt-right\"><\/i>\t\t\t<\/span>\n\t\t\t\t\t\t<span class=\"elementor-button-text\">nos formations longues \u00e0 la methode Hauschka<\/span>\n\t\t<\/span>\n\t\t\t\t\t<\/a>\n\t\t<\/div>\n\t\t\t\t<\/div>\n\t\t\t\t<\/div>\n\t\t\t\t\t\t<\/div>\n\t\t\t\t\t<\/div>\n\t\t<\/div>\n\t\t\t\t\t\t\t\t<\/div>\n\t\t\t\t\t<\/div>\n\t\t<\/section>\n\t\t\t\t\t\t<\/div>\n\t\t\t\t\t\t<\/div>\n\t\t\t\t\t<\/div>\n\t\t","protected":false},"excerpt":{"rendered":"<p>Margarethe Hauschka est une m\u00e9decin et artiste allemande n\u00e9e en 1896. Elle tire partie de son exp\u00e9rience aupr\u00e8s de patients de la clinique d&rsquo;Arlesheim en Suisse pour cr\u00e9er sa m\u00e9thode de peinture. S&rsquo;inspirant des travaux de Goethe sur la nature des couleurs, elle adopte la vision de Rudolf Steiner sur la nature humaine et sa [&hellip;]<\/p>\n","protected":false},"author":1,"featured_media":0,"parent":0,"menu_order":0,"comment_status":"closed","ping_status":"closed","template":"","meta":{"_monsterinsights_skip_tracking":false,"_monsterinsights_sitenote_active":false,"_monsterinsights_sitenote_note":"","_monsterinsights_sitenote_category":0},"yoast_head":"<!-- This site is optimized with the Yoast SEO plugin v15.8 - https:\/\/yoast.com\/wordpress\/plugins\/seo\/ -->\n<title>La m\u00e9thode du Dr Margarethe Hauschka - L&#039;Atelier Rapha\u00ebl<\/title>\n<meta name=\"robots\" content=\"index, follow, max-snippet:-1, max-image-preview:large, max-video-preview:-1\" \/>\n<link rel=\"canonical\" href=\"https:\/\/www.latelierraphael.fr\/index.php\/la-methode-de-margarethe-hauschka\/\" \/>\n<meta property=\"og:locale\" content=\"fr_FR\" \/>\n<meta property=\"og:type\" content=\"article\" \/>\n<meta property=\"og:title\" content=\"La m\u00e9thode du Dr Margarethe Hauschka - L&#039;Atelier Rapha\u00ebl\" \/>\n<meta property=\"og:description\" content=\"Margarethe Hauschka est une m\u00e9decin et artiste allemande n\u00e9e en 1896. Elle tire partie de son exp\u00e9rience aupr\u00e8s de patients de la clinique d&rsquo;Arlesheim en Suisse pour cr\u00e9er sa m\u00e9thode de peinture. S&rsquo;inspirant des travaux de Goethe sur la nature des couleurs, elle adopte la vision de Rudolf Steiner sur la nature humaine et sa [&hellip;]\" \/>\n<meta property=\"og:url\" content=\"https:\/\/www.latelierraphael.fr\/index.php\/la-methode-de-margarethe-hauschka\/\" \/>\n<meta property=\"og:site_name\" content=\"L&#039;Atelier Rapha\u00ebl\" \/>\n<meta property=\"article:modified_time\" content=\"2023-05-04T08:48:53+00:00\" \/>\n<meta property=\"og:image\" content=\"https:\/\/www.latelierraphael.fr\/wp-content\/uploads\/2019\/10\/Margarethe_Hauschka.jpg\" \/>\n<meta name=\"twitter:card\" content=\"summary_large_image\" \/>\n<meta name=\"twitter:label1\" content=\"Dur\u00e9e de lecture est.\">\n\t<meta name=\"twitter:data1\" content=\"3 minutes\">\n<script type=\"application\/ld+json\" class=\"yoast-schema-graph\">{\"@context\":\"https:\/\/schema.org\",\"@graph\":[{\"@type\":\"Organization\",\"@id\":\"https:\/\/www.latelierraphael.fr\/#organization\",\"name\":\"L'Atelier Rapha\\u00ebl\",\"url\":\"https:\/\/www.latelierraphael.fr\/\",\"sameAs\":[],\"logo\":{\"@type\":\"ImageObject\",\"@id\":\"https:\/\/www.latelierraphael.fr\/#logo\",\"inLanguage\":\"fr-FR\",\"url\":\"https:\/\/www.latelierraphael.fr\/wp-content\/uploads\/2020\/01\/logo-test-ppt.jpg\",\"width\":1280,\"height\":720,\"caption\":\"L'Atelier Rapha\\u00ebl\"},\"image\":{\"@id\":\"https:\/\/www.latelierraphael.fr\/#logo\"}},{\"@type\":\"WebSite\",\"@id\":\"https:\/\/www.latelierraphael.fr\/#website\",\"url\":\"https:\/\/www.latelierraphael.fr\/\",\"name\":\"L&#039;Atelier Rapha\\u00ebl\",\"description\":\"Formations d&#039;art-th\\u00e9rapie selon la m\\u00e9thode de peinture de Margarethe Hauschka\",\"publisher\":{\"@id\":\"https:\/\/www.latelierraphael.fr\/#organization\"},\"potentialAction\":[{\"@type\":\"SearchAction\",\"target\":\"https:\/\/www.latelierraphael.fr\/?s={search_term_string}\",\"query-input\":\"required name=search_term_string\"}],\"inLanguage\":\"fr-FR\"},{\"@type\":\"ImageObject\",\"@id\":\"https:\/\/www.latelierraphael.fr\/index.php\/la-methode-de-margarethe-hauschka\/#primaryimage\",\"inLanguage\":\"fr-FR\",\"url\":\"https:\/\/www.latelierraphael.fr\/wp-content\/uploads\/2019\/10\/Margarethe_Hauschka.jpg\",\"width\":250,\"height\":250,\"caption\":\"Photo de Margarethe Hauschka\"},{\"@type\":\"WebPage\",\"@id\":\"https:\/\/www.latelierraphael.fr\/index.php\/la-methode-de-margarethe-hauschka\/#webpage\",\"url\":\"https:\/\/www.latelierraphael.fr\/index.php\/la-methode-de-margarethe-hauschka\/\",\"name\":\"La m\\u00e9thode du Dr Margarethe Hauschka - L&#039;Atelier Rapha\\u00ebl\",\"isPartOf\":{\"@id\":\"https:\/\/www.latelierraphael.fr\/#website\"},\"primaryImageOfPage\":{\"@id\":\"https:\/\/www.latelierraphael.fr\/index.php\/la-methode-de-margarethe-hauschka\/#primaryimage\"},\"datePublished\":\"2019-09-16T11:26:16+00:00\",\"dateModified\":\"2023-05-04T08:48:53+00:00\",\"breadcrumb\":{\"@id\":\"https:\/\/www.latelierraphael.fr\/index.php\/la-methode-de-margarethe-hauschka\/#breadcrumb\"},\"inLanguage\":\"fr-FR\",\"potentialAction\":[{\"@type\":\"ReadAction\",\"target\":[\"https:\/\/www.latelierraphael.fr\/index.php\/la-methode-de-margarethe-hauschka\/\"]}]},{\"@type\":\"BreadcrumbList\",\"@id\":\"https:\/\/www.latelierraphael.fr\/index.php\/la-methode-de-margarethe-hauschka\/#breadcrumb\",\"itemListElement\":[{\"@type\":\"ListItem\",\"position\":1,\"item\":{\"@type\":\"WebPage\",\"@id\":\"https:\/\/www.latelierraphael.fr\/\",\"url\":\"https:\/\/www.latelierraphael.fr\/\",\"name\":\"Accueil\"}},{\"@type\":\"ListItem\",\"position\":2,\"item\":{\"@type\":\"WebPage\",\"@id\":\"https:\/\/www.latelierraphael.fr\/index.php\/la-methode-de-margarethe-hauschka\/\",\"url\":\"https:\/\/www.latelierraphael.fr\/index.php\/la-methode-de-margarethe-hauschka\/\",\"name\":\"La m\\u00e9thode du Dr Margarethe Hauschka\"}}]}]}<\/script>\n<!-- \/ Yoast SEO plugin. -->","_links":{"self":[{"href":"https:\/\/www.latelierraphael.fr\/index.php\/wp-json\/wp\/v2\/pages\/15"}],"collection":[{"href":"https:\/\/www.latelierraphael.fr\/index.php\/wp-json\/wp\/v2\/pages"}],"about":[{"href":"https:\/\/www.latelierraphael.fr\/index.php\/wp-json\/wp\/v2\/types\/page"}],"author":[{"embeddable":true,"href":"https:\/\/www.latelierraphael.fr\/index.php\/wp-json\/wp\/v2\/users\/1"}],"replies":[{"embeddable":true,"href":"https:\/\/www.latelierraphael.fr\/index.php\/wp-json\/wp\/v2\/comments?post=15"}],"version-history":[{"count":46,"href":"https:\/\/www.latelierraphael.fr\/index.php\/wp-json\/wp\/v2\/pages\/15\/revisions"}],"predecessor-version":[{"id":3002,"href":"https:\/\/www.latelierraphael.fr\/index.php\/wp-json\/wp\/v2\/pages\/15\/revisions\/3002"}],"wp:attachment":[{"href":"https:\/\/www.latelierraphael.fr\/index.php\/wp-json\/wp\/v2\/media?parent=15"}],"curies":[{"name":"wp","href":"https:\/\/api.w.org\/{rel}","templated":true}]}}