{"id":1909,"date":"2020-01-25T15:52:17","date_gmt":"2020-01-25T14:52:17","guid":{"rendered":"http:\/\/asso-lejedeletre.com\/?page_id=1909"},"modified":"2023-05-04T11:08:39","modified_gmt":"2023-05-04T09:08:39","slug":"les-modules-denseignement-2","status":"publish","type":"page","link":"https:\/\/www.latelierraphael.fr\/index.php\/les-modules-denseignement-2\/","title":{"rendered":"Les modules \u00e0 la carte"},"content":{"rendered":"\t\t<div data-elementor-type=\"wp-page\" data-elementor-id=\"1909\" class=\"elementor elementor-1909\" data-elementor-settings=\"[]\">\n\t\t\t\t\t\t<div class=\"elementor-inner\">\n\t\t\t\t\t\t\t<div class=\"elementor-section-wrap\">\n\t\t\t\t\t\t\t<section class=\"elementor-section elementor-top-section elementor-element elementor-element-43430fc elementor-section-boxed elementor-section-height-default elementor-section-height-default\" data-id=\"43430fc\" data-element_type=\"section\">\n\t\t\t\t\t\t<div class=\"elementor-container elementor-column-gap-default\">\n\t\t\t\t\t\t\t<div class=\"elementor-row\">\n\t\t\t\t\t<div class=\"elementor-column elementor-col-33 elementor-top-column elementor-element elementor-element-25b3f29\" data-id=\"25b3f29\" data-element_type=\"column\">\n\t\t\t<div class=\"elementor-column-wrap elementor-element-populated\">\n\t\t\t\t\t\t\t<div class=\"elementor-widget-wrap\">\n\t\t\t\t\t\t<div class=\"elementor-element elementor-element-bb8ea16 elementor-widget elementor-widget-heading\" data-id=\"bb8ea16\" data-element_type=\"widget\" data-widget_type=\"heading.default\">\n\t\t\t\t<div class=\"elementor-widget-container\">\n\t\t\t<h2 class=\"elementor-heading-title elementor-size-default\">Pr\u00e9sentation<\/h2>\t\t<\/div>\n\t\t\t\t<\/div>\n\t\t\t\t<div class=\"elementor-element elementor-element-443d0c9 elementor-widget elementor-widget-text-editor\" data-id=\"443d0c9\" data-element_type=\"widget\" data-widget_type=\"text-editor.default\">\n\t\t\t\t<div class=\"elementor-widget-container\">\n\t\t\t\t\t<div class=\"elementor-text-editor elementor-clearfix\"><p>Les modules de la 1\u00e8re ann\u00e9e de chaque cycle d&rsquo;enseignement sont <strong>accessibles \u00ab\u00a0\u00e0 la carte\u00a0\u00bb<\/strong>\u00a0pour :<\/p><ul><li><strong>les personnes ayant d\u00e9j\u00e0 suivi une formation<\/strong> d&rsquo;aquarelle sur papier mouill\u00e9 selon la m\u00e9thode du Dr Margarethe Hauschka,<\/li><li><strong>les participant(e)s \u00e0 des ateliers de peinture Hauschka<\/strong> d\u00e9sireux-ses d&rsquo;approfondir leurs connaissances et d\u00e9marche personnelle.<\/li><\/ul><\/div>\n\t\t\t\t<\/div>\n\t\t\t\t<\/div>\n\t\t\t\t<div class=\"elementor-element elementor-element-01fcf79 elementor-hidden-desktop elementor-widget elementor-widget-image\" data-id=\"01fcf79\" data-element_type=\"widget\" data-widget_type=\"image.default\">\n\t\t\t\t<div class=\"elementor-widget-container\">\n\t\t\t\t\t<div class=\"elementor-image\">\n\t\t\t\t\t\t\t\t\t\t<img src=\"https:\/\/www.latelierraphael.fr\/wp-content\/uploads\/elementor\/thumbs\/FullSizeRender5-scaled-ok4r5n1obm5odkowe45qxuda6a33yhioh3ulua2cxs.jpg\" title=\"Renardeau\" alt=\"Peinture aquarelle sur les \u00e9motions\" \/>\t\t\t\t\t\t\t\t\t\t\t<\/div>\n\t\t\t\t<\/div>\n\t\t\t\t<\/div>\n\t\t\t\t<div class=\"elementor-element elementor-element-ec44093 elementor-widget elementor-widget-heading\" data-id=\"ec44093\" data-element_type=\"widget\" data-widget_type=\"heading.default\">\n\t\t\t\t<div class=\"elementor-widget-container\">\n\t\t\t<h4 class=\"elementor-heading-title elementor-size-default\">Les modules concern\u00e9s<\/h4>\t\t<\/div>\n\t\t\t\t<\/div>\n\t\t\t\t<div class=\"elementor-element elementor-element-c1c6e94 elementor-widget elementor-widget-text-editor\" data-id=\"c1c6e94\" data-element_type=\"widget\" data-widget_type=\"text-editor.default\">\n\t\t\t\t<div class=\"elementor-widget-container\">\n\t\t\t\t\t<div class=\"elementor-text-editor elementor-clearfix\"><p>Il s&rsquo;agit de red\u00e9couvrir ou d&rsquo;approfondir des peintures ou s\u00e9ries \u00ab\u00a0cl\u00e9s\u00a0\u00bb cr\u00e9\u00e9es par Margarethe Hauschka, ou d&rsquo;aborder les processus \u00e9motionnels au travers de la couleur. Les modules propos\u00e9s aux auditeurs libres sont :<\/p><ul><li><strong>Module 1.1 : A la d\u00e9couverte des couleurs<\/strong><\/li><li><strong>Module 1.2 : Comprendre le processus \u00e9motionnel<\/strong><\/li><li><strong>Module 1.3 : Les 4 temp\u00e9raments<\/strong><\/li><li><strong>Module 1.4 : Les 7 types plan\u00e9taires<\/strong><\/li><\/ul><p>Les trois premiers modules comprennent 4 jours et le 4\u00e8me module 5 jours en pr\u00e9sentiel.<\/p><p>Un programme d\u00e9taill\u00e9 pour chaque module est disponible sur demande.<\/p><\/div>\n\t\t\t\t<\/div>\n\t\t\t\t<\/div>\n\t\t\t\t<div class=\"elementor-element elementor-element-45e693a elementor-widget elementor-widget-heading\" data-id=\"45e693a\" data-element_type=\"widget\" data-widget_type=\"heading.default\">\n\t\t\t\t<div class=\"elementor-widget-container\">\n\t\t\t<h4 class=\"elementor-heading-title elementor-size-default\">Dur\u00e9e et d\u00e9roulement<\/h4>\t\t<\/div>\n\t\t\t\t<\/div>\n\t\t\t\t<div class=\"elementor-element elementor-element-18eb7ea elementor-widget elementor-widget-text-editor\" data-id=\"18eb7ea\" data-element_type=\"widget\" data-widget_type=\"text-editor.default\">\n\t\t\t\t<div class=\"elementor-widget-container\">\n\t\t\t\t\t<div class=\"elementor-text-editor elementor-clearfix\"><p>D&rsquo;une dur\u00e9e de 4 ou 5 jours cons\u00e9cutifs (respectivement 34 h ou 43 h), chaque module comprend :<\/p><ul><li>des\u00a0apports th\u00e9oriques et pratiques\u00a0 : selon le th\u00e8me du module il pourra s&rsquo;agir d&rsquo;apports plus ou moins denses sur la m\u00e9thode Hauschka, la nature des couleurs selon Goethe, la pens\u00e9e anthroposophique, le d\u00e9veloppement de la nature humaine au cours de la vie selon cette orientation, la psychologie, la psychopathologie, etc.,<\/li><li>une pratique artistique,\u00a0<\/li><li>une pratique d&rsquo;analyse et de lecture de dossier.<\/li><\/ul><div>\u00a0<\/div><div>Ces temps sont r\u00e9partis environ pour moiti\u00e9 en apports th\u00e9oriques et l&rsquo;autre moiti\u00e9 en pratique artistique et analyse de dossier.<\/div><div>\u00a0<\/div><p><span style=\"text-decoration-line: underline;\">Nombre de personnes par module <\/span>: entre 10 et 18<\/p><\/div>\n\t\t\t\t<\/div>\n\t\t\t\t<\/div>\n\t\t\t\t<div class=\"elementor-element elementor-element-645b0e9 elementor-widget elementor-widget-text-editor\" data-id=\"645b0e9\" data-element_type=\"widget\" data-widget_type=\"text-editor.default\">\n\t\t\t\t<div class=\"elementor-widget-container\">\n\t\t\t\t\t<div class=\"elementor-text-editor elementor-clearfix\"><p>Prochaines sessions d&rsquo;octobre 2024 \u00e0 juillet 2025.<\/p><\/div>\n\t\t\t\t<\/div>\n\t\t\t\t<\/div>\n\t\t\t\t<div class=\"elementor-element elementor-element-71b7bc6 elementor-align-center elementor-hidden-desktop elementor-hidden-tablet elementor-hidden-phone elementor-widget elementor-widget-button\" data-id=\"71b7bc6\" data-element_type=\"widget\" data-widget_type=\"button.default\">\n\t\t\t\t<div class=\"elementor-widget-container\">\n\t\t\t\t\t<div class=\"elementor-button-wrapper\">\n\t\t\t<a href=\"https:\/\/www.latelierraphael.fr\/wp-content\/uploads\/2021\/03\/Calendrier-saison-2021-2022.pdf\" target=\"_blank\" class=\"elementor-button-link elementor-button elementor-size-sm\" role=\"button\">\n\t\t\t\t\t\t<span class=\"elementor-button-content-wrapper\">\n\t\t\t\t\t\t<span class=\"elementor-button-icon elementor-align-icon-right\">\n\t\t\t\t<i aria-hidden=\"true\" class=\"fas fa-long-arrow-alt-right\"><\/i>\t\t\t<\/span>\n\t\t\t\t\t\t<span class=\"elementor-button-text\">prochaines dates<\/span>\n\t\t<\/span>\n\t\t\t\t\t<\/a>\n\t\t<\/div>\n\t\t\t\t<\/div>\n\t\t\t\t<\/div>\n\t\t\t\t<div class=\"elementor-element elementor-element-497731f elementor-hidden-desktop elementor-widget elementor-widget-image\" data-id=\"497731f\" data-element_type=\"widget\" data-widget_type=\"image.default\">\n\t\t\t\t<div class=\"elementor-widget-container\">\n\t\t\t\t\t<div class=\"elementor-image\">\n\t\t\t\t\t\t\t\t\t\t<img src=\"https:\/\/www.latelierraphael.fr\/wp-content\/uploads\/elementor\/thumbs\/20200122_075421-scaled-ok5bhga583ybg9oz4g16768ntv2sr2rfr8nopp00lc.jpg\" title=\"Paysage\" alt=\"Peinture d'une s\u00e9rie sur l'eau\" \/>\t\t\t\t\t\t\t\t\t\t\t<\/div>\n\t\t\t\t<\/div>\n\t\t\t\t<\/div>\n\t\t\t\t<div class=\"elementor-element elementor-element-e2e4712 elementor-widget elementor-widget-heading\" data-id=\"e2e4712\" data-element_type=\"widget\" data-widget_type=\"heading.default\">\n\t\t\t\t<div class=\"elementor-widget-container\">\n\t\t\t<h4 class=\"elementor-heading-title elementor-size-default\">Tarifs<\/h4>\t\t<\/div>\n\t\t\t\t<\/div>\n\t\t\t\t<div class=\"elementor-element elementor-element-2e3d4d9 elementor-widget elementor-widget-text-editor\" data-id=\"2e3d4d9\" data-element_type=\"widget\" data-widget_type=\"text-editor.default\">\n\t\t\t\t<div class=\"elementor-widget-container\">\n\t\t\t\t\t<div class=\"elementor-text-editor elementor-clearfix\"><ul><li><strong>Module de 4 jours\u00a0 : <\/strong>675 \u20ac<\/li><\/ul><ul><li><strong>Module de 5 jours\u00a0 :<\/strong> 825 \u20ac<\/li><\/ul><\/div>\n\t\t\t\t<\/div>\n\t\t\t\t<\/div>\n\t\t\t\t<div class=\"elementor-element elementor-element-cee26a9 elementor-widget elementor-widget-text-editor\" data-id=\"cee26a9\" data-element_type=\"widget\" data-widget_type=\"text-editor.default\">\n\t\t\t\t<div class=\"elementor-widget-container\">\n\t\t\t\t\t<div class=\"elementor-text-editor elementor-clearfix\"><p>Les personnes ayant d\u00e9j\u00e0 suivi une formation longue \u00e0 la m\u00e9thode Hauschka b\u00e9n\u00e9ficient d&rsquo;une r\u00e9duction de 50 %.<\/p><\/div>\n\t\t\t\t<\/div>\n\t\t\t\t<\/div>\n\t\t\t\t<div class=\"elementor-element elementor-element-ac9145d elementor-widget elementor-widget-text-editor\" data-id=\"ac9145d\" data-element_type=\"widget\" data-widget_type=\"text-editor.default\">\n\t\t\t\t<div class=\"elementor-widget-container\">\n\t\t\t\t\t<div class=\"elementor-text-editor elementor-clearfix\"><p><span style=\"text-decoration: underline;\">Ces tarifs comprennent<\/span>\u00a0:<\/p><ul><li style=\"list-style-type: none;\"><ul><li>la participation et le suivi des modules de formation,<\/li><li>l&rsquo;envoi de documents audio<\/li><li>des entretiens indiviuels post-module pour la r\u00e9alisation des exercices propos\u00e9s durant la session<\/li><\/ul><\/li><\/ul><p><span style=\"text-decoration: underline;\">Les frais compl\u00e9mentaires \u00e0 pr\u00e9voir sont<\/span>\u00a0:<\/p><ul><li style=\"list-style-type: none;\"><ul><li>l&rsquo;<a href=\"http:\/\/asso-lejedeletre.com\/index.php\/association\/\">adh\u00e9sion annuelle<\/a>\u00a0\u00e0 l&rsquo;association,<\/li><li>les h\u00e9bergements, les repas et collations et durant des modules,<\/li><li>le mat\u00e9riel artistique personnel utilis\u00e9 durant le module<\/li><\/ul><\/li><\/ul><\/div>\n\t\t\t\t<\/div>\n\t\t\t\t<\/div>\n\t\t\t\t<div class=\"elementor-element elementor-element-b848dc7 elementor-align-center elementor-widget elementor-widget-button\" data-id=\"b848dc7\" data-element_type=\"widget\" data-widget_type=\"button.default\">\n\t\t\t\t<div class=\"elementor-widget-container\">\n\t\t\t\t\t<div class=\"elementor-button-wrapper\">\n\t\t\t<a href=\"http:\/\/www.latelierraphael.fr\/index.php\/contact\/\" class=\"elementor-button-link elementor-button elementor-size-sm\" role=\"button\">\n\t\t\t\t\t\t<span class=\"elementor-button-content-wrapper\">\n\t\t\t\t\t\t<span class=\"elementor-button-icon elementor-align-icon-right\">\n\t\t\t\t<i aria-hidden=\"true\" class=\"fas fa-long-arrow-alt-right\"><\/i>\t\t\t<\/span>\n\t\t\t\t\t\t<span class=\"elementor-button-text\">renseignements et inscription<\/span>\n\t\t<\/span>\n\t\t\t\t\t<\/a>\n\t\t<\/div>\n\t\t\t\t<\/div>\n\t\t\t\t<\/div>\n\t\t\t\t\t\t<\/div>\n\t\t\t\t\t<\/div>\n\t\t<\/div>\n\t\t\t\t<div class=\"elementor-column elementor-col-66 elementor-top-column elementor-element elementor-element-2c6a82b elementor-hidden-phone elementor-hidden-tablet\" data-id=\"2c6a82b\" data-element_type=\"column\">\n\t\t\t<div class=\"elementor-column-wrap elementor-element-populated\">\n\t\t\t\t\t\t\t<div class=\"elementor-widget-wrap\">\n\t\t\t\t\t\t<div class=\"elementor-element elementor-element-fed98c4 elementor-widget elementor-widget-image\" data-id=\"fed98c4\" data-element_type=\"widget\" data-widget_type=\"image.default\">\n\t\t\t\t<div class=\"elementor-widget-container\">\n\t\t\t\t\t<div class=\"elementor-image\">\n\t\t\t\t\t\t\t\t\t\t<img src=\"https:\/\/www.latelierraphael.fr\/wp-content\/uploads\/elementor\/thumbs\/FullSizeRender5-scaled-ok4r5n1obm68u616q6u7gy7ak4jb8dhv2lcfv8lb7k.jpg\" title=\"Renardeau\" alt=\"Peinture aquarelle sur les \u00e9motions\" \/>\t\t\t\t\t\t\t\t\t\t\t<\/div>\n\t\t\t\t<\/div>\n\t\t\t\t<\/div>\n\t\t\t\t<div class=\"elementor-element elementor-element-5379f9a elementor-hidden-phone elementor-widget elementor-widget-image\" data-id=\"5379f9a\" data-element_type=\"widget\" data-widget_type=\"image.default\">\n\t\t\t\t<div class=\"elementor-widget-container\">\n\t\t\t\t\t<div class=\"elementor-image\">\n\t\t\t\t\t\t\t\t\t\t<img src=\"https:\/\/www.latelierraphael.fr\/wp-content\/uploads\/elementor\/thumbs\/20200122_075421-scaled-ok5bhga583ybg9oz4g16768ntv2sr2rfr8nopp00lc.jpg\" title=\"Paysage\" alt=\"Peinture d'une s\u00e9rie sur l'eau\" \/>\t\t\t\t\t\t\t\t\t\t\t<\/div>\n\t\t\t\t<\/div>\n\t\t\t\t<\/div>\n\t\t\t\t\t\t<\/div>\n\t\t\t\t\t<\/div>\n\t\t<\/div>\n\t\t\t\t\t\t\t\t<\/div>\n\t\t\t\t\t<\/div>\n\t\t<\/section>\n\t\t\t\t<section class=\"elementor-section elementor-top-section elementor-element elementor-element-033fb25 elementor-section-boxed elementor-section-height-default elementor-section-height-default\" data-id=\"033fb25\" data-element_type=\"section\">\n\t\t\t\t\t\t<div class=\"elementor-container elementor-column-gap-default\">\n\t\t\t\t\t\t\t<div class=\"elementor-row\">\n\t\t\t\t\t<div class=\"elementor-column elementor-col-66 elementor-top-column elementor-element elementor-element-133c3b7\" data-id=\"133c3b7\" data-element_type=\"column\">\n\t\t\t<div class=\"elementor-column-wrap elementor-element-populated\">\n\t\t\t\t\t\t\t<div class=\"elementor-widget-wrap\">\n\t\t\t\t\t\t<div class=\"elementor-element elementor-element-5ace36e elementor-widget elementor-widget-spacer\" data-id=\"5ace36e\" data-element_type=\"widget\" data-widget_type=\"spacer.default\">\n\t\t\t\t<div class=\"elementor-widget-container\">\n\t\t\t\t\t<div class=\"elementor-spacer\">\n\t\t\t<div class=\"elementor-spacer-inner\"><\/div>\n\t\t<\/div>\n\t\t\t\t<\/div>\n\t\t\t\t<\/div>\n\t\t\t\t\t\t<\/div>\n\t\t\t\t\t<\/div>\n\t\t<\/div>\n\t\t\t\t<div class=\"elementor-column elementor-col-33 elementor-top-column elementor-element elementor-element-2e32de6\" data-id=\"2e32de6\" data-element_type=\"column\">\n\t\t\t<div class=\"elementor-column-wrap\">\n\t\t\t\t\t\t\t<div class=\"elementor-widget-wrap\">\n\t\t\t\t\t\t\t\t<\/div>\n\t\t\t\t\t<\/div>\n\t\t<\/div>\n\t\t\t\t\t\t\t\t<\/div>\n\t\t\t\t\t<\/div>\n\t\t<\/section>\n\t\t\t\t<section class=\"elementor-section elementor-top-section elementor-element elementor-element-cc6e9ee elementor-section-boxed elementor-section-height-default elementor-section-height-default\" data-id=\"cc6e9ee\" data-element_type=\"section\">\n\t\t\t\t\t\t<div class=\"elementor-container elementor-column-gap-default\">\n\t\t\t\t\t\t\t<div class=\"elementor-row\">\n\t\t\t\t\t<div class=\"elementor-column elementor-col-100 elementor-top-column elementor-element elementor-element-615ef2e\" data-id=\"615ef2e\" data-element_type=\"column\">\n\t\t\t<div class=\"elementor-column-wrap\">\n\t\t\t\t\t\t\t<div class=\"elementor-widget-wrap\">\n\t\t\t\t\t\t\t\t<\/div>\n\t\t\t\t\t<\/div>\n\t\t<\/div>\n\t\t\t\t\t\t\t\t<\/div>\n\t\t\t\t\t<\/div>\n\t\t<\/section>\n\t\t\t\t\t\t<\/div>\n\t\t\t\t\t\t<\/div>\n\t\t\t\t\t<\/div>\n\t\t","protected":false},"excerpt":{"rendered":"<p>Pr\u00e9sentation Les modules de la 1\u00e8re ann\u00e9e de chaque cycle d&rsquo;enseignement sont accessibles \u00ab\u00a0\u00e0 la carte\u00a0\u00bb\u00a0pour : les personnes ayant d\u00e9j\u00e0 suivi une formation d&rsquo;aquarelle sur papier mouill\u00e9 selon la m\u00e9thode du Dr Margarethe Hauschka, les participant(e)s \u00e0 des ateliers de peinture Hauschka d\u00e9sireux-ses d&rsquo;approfondir leurs connaissances et d\u00e9marche personnelle. Les modules concern\u00e9s Il s&rsquo;agit [&hellip;]<\/p>\n","protected":false},"author":1,"featured_media":0,"parent":0,"menu_order":0,"comment_status":"closed","ping_status":"closed","template":"","meta":{"_monsterinsights_skip_tracking":false,"_monsterinsights_sitenote_active":false,"_monsterinsights_sitenote_note":"","_monsterinsights_sitenote_category":0},"yoast_head":"<!-- This site is optimized with the Yoast SEO plugin v15.8 - https:\/\/yoast.com\/wordpress\/plugins\/seo\/ -->\n<title>Les modules \u00e0 la carte - L&#039;Atelier Rapha\u00ebl<\/title>\n<meta name=\"robots\" content=\"index, follow, max-snippet:-1, max-image-preview:large, max-video-preview:-1\" \/>\n<link rel=\"canonical\" href=\"https:\/\/www.latelierraphael.fr\/index.php\/les-modules-denseignement-2\/\" \/>\n<meta property=\"og:locale\" content=\"fr_FR\" \/>\n<meta property=\"og:type\" content=\"article\" \/>\n<meta property=\"og:title\" content=\"Les modules \u00e0 la carte - L&#039;Atelier Rapha\u00ebl\" \/>\n<meta property=\"og:description\" content=\"Pr\u00e9sentation Les modules de la 1\u00e8re ann\u00e9e de chaque cycle d&rsquo;enseignement sont accessibles \u00ab\u00a0\u00e0 la carte\u00a0\u00bb\u00a0pour : les personnes ayant d\u00e9j\u00e0 suivi une formation d&rsquo;aquarelle sur papier mouill\u00e9 selon la m\u00e9thode du Dr Margarethe Hauschka, les participant(e)s \u00e0 des ateliers de peinture Hauschka d\u00e9sireux-ses d&rsquo;approfondir leurs connaissances et d\u00e9marche personnelle. Les modules concern\u00e9s Il s&rsquo;agit [&hellip;]\" \/>\n<meta property=\"og:url\" content=\"https:\/\/www.latelierraphael.fr\/index.php\/les-modules-denseignement-2\/\" \/>\n<meta property=\"og:site_name\" content=\"L&#039;Atelier Rapha\u00ebl\" \/>\n<meta property=\"article:modified_time\" content=\"2023-05-04T09:08:39+00:00\" \/>\n<meta property=\"og:image\" content=\"https:\/\/www.latelierraphael.fr\/wp-content\/uploads\/elementor\/thumbs\/FullSizeRender5-scaled-ok4r5n1obm5odkowe45qxuda6a33yhioh3ulua2cxs.jpg\" \/>\n<meta name=\"twitter:card\" content=\"summary_large_image\" \/>\n<meta name=\"twitter:label1\" content=\"Dur\u00e9e de lecture est.\">\n\t<meta name=\"twitter:data1\" content=\"3 minutes\">\n<script type=\"application\/ld+json\" class=\"yoast-schema-graph\">{\"@context\":\"https:\/\/schema.org\",\"@graph\":[{\"@type\":\"Organization\",\"@id\":\"https:\/\/www.latelierraphael.fr\/#organization\",\"name\":\"L'Atelier Rapha\\u00ebl\",\"url\":\"https:\/\/www.latelierraphael.fr\/\",\"sameAs\":[],\"logo\":{\"@type\":\"ImageObject\",\"@id\":\"https:\/\/www.latelierraphael.fr\/#logo\",\"inLanguage\":\"fr-FR\",\"url\":\"https:\/\/www.latelierraphael.fr\/wp-content\/uploads\/2020\/01\/logo-test-ppt.jpg\",\"width\":1280,\"height\":720,\"caption\":\"L'Atelier Rapha\\u00ebl\"},\"image\":{\"@id\":\"https:\/\/www.latelierraphael.fr\/#logo\"}},{\"@type\":\"WebSite\",\"@id\":\"https:\/\/www.latelierraphael.fr\/#website\",\"url\":\"https:\/\/www.latelierraphael.fr\/\",\"name\":\"L&#039;Atelier Rapha\\u00ebl\",\"description\":\"Formations d&#039;art-th\\u00e9rapie selon la m\\u00e9thode de peinture de Margarethe Hauschka\",\"publisher\":{\"@id\":\"https:\/\/www.latelierraphael.fr\/#organization\"},\"potentialAction\":[{\"@type\":\"SearchAction\",\"target\":\"https:\/\/www.latelierraphael.fr\/?s={search_term_string}\",\"query-input\":\"required name=search_term_string\"}],\"inLanguage\":\"fr-FR\"},{\"@type\":\"ImageObject\",\"@id\":\"https:\/\/www.latelierraphael.fr\/index.php\/les-modules-denseignement-2\/#primaryimage\",\"inLanguage\":\"fr-FR\",\"url\":\"https:\/\/www.latelierraphael.fr\/wp-content\/uploads\/elementor\/thumbs\/FullSizeRender5-scaled-ok4r5n1obm5odkowe45qxuda6a33yhioh3ulua2cxs.jpg\"},{\"@type\":\"WebPage\",\"@id\":\"https:\/\/www.latelierraphael.fr\/index.php\/les-modules-denseignement-2\/#webpage\",\"url\":\"https:\/\/www.latelierraphael.fr\/index.php\/les-modules-denseignement-2\/\",\"name\":\"Les modules \\u00e0 la carte - L&#039;Atelier Rapha\\u00ebl\",\"isPartOf\":{\"@id\":\"https:\/\/www.latelierraphael.fr\/#website\"},\"primaryImageOfPage\":{\"@id\":\"https:\/\/www.latelierraphael.fr\/index.php\/les-modules-denseignement-2\/#primaryimage\"},\"datePublished\":\"2020-01-25T14:52:17+00:00\",\"dateModified\":\"2023-05-04T09:08:39+00:00\",\"breadcrumb\":{\"@id\":\"https:\/\/www.latelierraphael.fr\/index.php\/les-modules-denseignement-2\/#breadcrumb\"},\"inLanguage\":\"fr-FR\",\"potentialAction\":[{\"@type\":\"ReadAction\",\"target\":[\"https:\/\/www.latelierraphael.fr\/index.php\/les-modules-denseignement-2\/\"]}]},{\"@type\":\"BreadcrumbList\",\"@id\":\"https:\/\/www.latelierraphael.fr\/index.php\/les-modules-denseignement-2\/#breadcrumb\",\"itemListElement\":[{\"@type\":\"ListItem\",\"position\":1,\"item\":{\"@type\":\"WebPage\",\"@id\":\"https:\/\/www.latelierraphael.fr\/\",\"url\":\"https:\/\/www.latelierraphael.fr\/\",\"name\":\"Accueil\"}},{\"@type\":\"ListItem\",\"position\":2,\"item\":{\"@type\":\"WebPage\",\"@id\":\"https:\/\/www.latelierraphael.fr\/index.php\/les-modules-denseignement-2\/\",\"url\":\"https:\/\/www.latelierraphael.fr\/index.php\/les-modules-denseignement-2\/\",\"name\":\"Les modules \\u00e0 la carte\"}}]}]}<\/script>\n<!-- \/ Yoast SEO plugin. -->","_links":{"self":[{"href":"https:\/\/www.latelierraphael.fr\/index.php\/wp-json\/wp\/v2\/pages\/1909"}],"collection":[{"href":"https:\/\/www.latelierraphael.fr\/index.php\/wp-json\/wp\/v2\/pages"}],"about":[{"href":"https:\/\/www.latelierraphael.fr\/index.php\/wp-json\/wp\/v2\/types\/page"}],"author":[{"embeddable":true,"href":"https:\/\/www.latelierraphael.fr\/index.php\/wp-json\/wp\/v2\/users\/1"}],"replies":[{"embeddable":true,"href":"https:\/\/www.latelierraphael.fr\/index.php\/wp-json\/wp\/v2\/comments?post=1909"}],"version-history":[{"count":75,"href":"https:\/\/www.latelierraphael.fr\/index.php\/wp-json\/wp\/v2\/pages\/1909\/revisions"}],"predecessor-version":[{"id":3024,"href":"https:\/\/www.latelierraphael.fr\/index.php\/wp-json\/wp\/v2\/pages\/1909\/revisions\/3024"}],"wp:attachment":[{"href":"https:\/\/www.latelierraphael.fr\/index.php\/wp-json\/wp\/v2\/media?parent=1909"}],"curies":[{"name":"wp","href":"https:\/\/api.w.org\/{rel}","templated":true}]}}