{"id":2645,"date":"2021-02-12T14:36:40","date_gmt":"2021-02-12T13:36:40","guid":{"rendered":"https:\/\/www.latelierraphael.fr\/?page_id=2645"},"modified":"2023-05-04T11:12:40","modified_gmt":"2023-05-04T09:12:40","slug":"les-enseignements-en-auditeur-libre","status":"publish","type":"page","link":"https:\/\/www.latelierraphael.fr\/index.php\/les-enseignements-en-auditeur-libre\/","title":{"rendered":"Suivre les enseignements en auditeur libre"},"content":{"rendered":"\t\t<div data-elementor-type=\"wp-page\" data-elementor-id=\"2645\" class=\"elementor elementor-2645\" data-elementor-settings=\"[]\">\n\t\t\t\t\t\t<div class=\"elementor-inner\">\n\t\t\t\t\t\t\t<div class=\"elementor-section-wrap\">\n\t\t\t\t\t\t\t<section class=\"elementor-section elementor-top-section elementor-element elementor-element-8f22097 elementor-section-boxed elementor-section-height-default elementor-section-height-default\" data-id=\"8f22097\" data-element_type=\"section\">\n\t\t\t\t\t\t<div class=\"elementor-container elementor-column-gap-default\">\n\t\t\t\t\t\t\t<div class=\"elementor-row\">\n\t\t\t\t\t<div class=\"elementor-column elementor-col-100 elementor-top-column elementor-element elementor-element-56b40ef\" data-id=\"56b40ef\" data-element_type=\"column\">\n\t\t\t<div class=\"elementor-column-wrap elementor-element-populated\">\n\t\t\t\t\t\t\t<div class=\"elementor-widget-wrap\">\n\t\t\t\t\t\t<div class=\"elementor-element elementor-element-72e0ad5 elementor-widget elementor-widget-text-editor\" data-id=\"72e0ad5\" data-element_type=\"widget\" data-widget_type=\"text-editor.default\">\n\t\t\t\t<div class=\"elementor-widget-container\">\n\t\t\t\t\t<div class=\"elementor-text-editor elementor-clearfix\"><p>Certaines personnes sont int\u00e9ress\u00e9es \u00e0 titre personnel pour d\u00e9couvrir ou approfondir leurs connaissances de la m\u00e9thode de peinture aquarelle sur papier mouill\u00e9 de Margarethe Hauschka. Pour autant, elles ne souhaitent pas s&rsquo;engager dans une formation \u00e0 proprement parler&#8230; Aussi, il leur est possible de suivre les enseignements en <strong>auditeur libre<\/strong>. De quoi s&rsquo;agit-il ?<\/p><\/div>\n\t\t\t\t<\/div>\n\t\t\t\t<\/div>\n\t\t\t\t<div class=\"elementor-element elementor-element-74efe54 elementor-widget elementor-widget-text-editor\" data-id=\"74efe54\" data-element_type=\"widget\" data-widget_type=\"text-editor.default\">\n\t\t\t\t<div class=\"elementor-widget-container\">\n\t\t\t\t\t<div class=\"elementor-text-editor elementor-clearfix\"><p>Ces personnes suivent l&rsquo;int\u00e9gralit\u00e9 des 12 modules d&rsquo;enseignement du tronc commun et r\u00e9alisent tout ou partie des exercices de peinture demand\u00e9s. L&rsquo;accompagnement et le suivi&nbsp;<span style=\"font-size: 16px;\">de ces personnes est le m\u00eame que pour les personnes investies dans les formations d&rsquo;animateur p\u00e9dagogique et artistique ou d&rsquo;art-th\u00e9rapeute. Aussi un&nbsp;<\/span><span style=\"font-family: Montserrat; font-size: 16px; font-style: normal; font-variant-ligatures: normal; font-variant-caps: normal; font-weight: 500;\">engagement personnel cons\u00e9quent est attendu, bien que<\/span><span style=\"font-size: 16px;\">&nbsp;les exigences en terme de productions artistiques soient moindres. Chaque demande de participation en auditeur libre&nbsp;<\/span><span style=\"font-family: Montserrat; font-size: 16px; font-style: normal; font-variant-ligatures: normal; font-variant-caps: normal; font-weight: 500;\">est discut\u00e9e au cas par cas lors de l&rsquo;entretien de pr\u00e9-inscription afin d&rsquo;en d\u00e9finir les contours. Elle&nbsp;<\/span><span style=\"font-family: Montserrat; font-size: 16px; font-style: normal; font-variant-ligatures: normal; font-variant-caps: normal; font-weight: 500;\">pourra aussi \u00eatre rediscut\u00e9e au cours du cursus d&rsquo;enseignement pour, par exemple, \u00e9ventuellement mener \u00e0 une r\u00e9orientation du projet personnel vers les pratiques d&rsquo;animateur p\u00e9dagogique et artistique ou d&rsquo;art-th\u00e9rapeute.<\/span><\/p><\/div>\n\t\t\t\t<\/div>\n\t\t\t\t<\/div>\n\t\t\t\t<div class=\"elementor-element elementor-element-c260a90 elementor-widget elementor-widget-spacer\" data-id=\"c260a90\" data-element_type=\"widget\" data-widget_type=\"spacer.default\">\n\t\t\t\t<div class=\"elementor-widget-container\">\n\t\t\t\t\t<div class=\"elementor-spacer\">\n\t\t\t<div class=\"elementor-spacer-inner\"><\/div>\n\t\t<\/div>\n\t\t\t\t<\/div>\n\t\t\t\t<\/div>\n\t\t\t\t\t\t<\/div>\n\t\t\t\t\t<\/div>\n\t\t<\/div>\n\t\t\t\t\t\t\t\t<\/div>\n\t\t\t\t\t<\/div>\n\t\t<\/section>\n\t\t\t\t\t\t<\/div>\n\t\t\t\t\t\t<\/div>\n\t\t\t\t\t<\/div>\n\t\t","protected":false},"excerpt":{"rendered":"<p>Certaines personnes sont int\u00e9ress\u00e9es \u00e0 titre personnel pour d\u00e9couvrir ou approfondir leurs connaissances de la m\u00e9thode de peinture aquarelle sur papier mouill\u00e9 de Margarethe Hauschka. Pour autant, elles ne souhaitent pas s&rsquo;engager dans une formation \u00e0 proprement parler&#8230; Aussi, il leur est possible de suivre les enseignements en auditeur libre. De quoi s&rsquo;agit-il ? Ces [&hellip;]<\/p>\n","protected":false},"author":1,"featured_media":0,"parent":0,"menu_order":0,"comment_status":"closed","ping_status":"closed","template":"","meta":{"_monsterinsights_skip_tracking":false,"_monsterinsights_sitenote_active":false,"_monsterinsights_sitenote_note":"","_monsterinsights_sitenote_category":0},"yoast_head":"<!-- This site is optimized with the Yoast SEO plugin v15.8 - https:\/\/yoast.com\/wordpress\/plugins\/seo\/ -->\n<title>Suivre les enseignements en auditeur libre - L&#039;Atelier Rapha\u00ebl<\/title>\n<meta name=\"robots\" content=\"index, follow, max-snippet:-1, max-image-preview:large, max-video-preview:-1\" \/>\n<link rel=\"canonical\" href=\"https:\/\/www.latelierraphael.fr\/index.php\/les-enseignements-en-auditeur-libre\/\" \/>\n<meta property=\"og:locale\" content=\"fr_FR\" \/>\n<meta property=\"og:type\" content=\"article\" \/>\n<meta property=\"og:title\" content=\"Suivre les enseignements en auditeur libre - L&#039;Atelier Rapha\u00ebl\" \/>\n<meta property=\"og:description\" content=\"Certaines personnes sont int\u00e9ress\u00e9es \u00e0 titre personnel pour d\u00e9couvrir ou approfondir leurs connaissances de la m\u00e9thode de peinture aquarelle sur papier mouill\u00e9 de Margarethe Hauschka. Pour autant, elles ne souhaitent pas s&rsquo;engager dans une formation \u00e0 proprement parler&#8230; Aussi, il leur est possible de suivre les enseignements en auditeur libre. De quoi s&rsquo;agit-il ? Ces [&hellip;]\" \/>\n<meta property=\"og:url\" content=\"https:\/\/www.latelierraphael.fr\/index.php\/les-enseignements-en-auditeur-libre\/\" \/>\n<meta property=\"og:site_name\" content=\"L&#039;Atelier Rapha\u00ebl\" \/>\n<meta property=\"article:modified_time\" content=\"2023-05-04T09:12:40+00:00\" \/>\n<meta name=\"twitter:card\" content=\"summary_large_image\" \/>\n<meta name=\"twitter:label1\" content=\"Dur\u00e9e de lecture est.\">\n\t<meta name=\"twitter:data1\" content=\"1 minute\">\n<script type=\"application\/ld+json\" class=\"yoast-schema-graph\">{\"@context\":\"https:\/\/schema.org\",\"@graph\":[{\"@type\":\"Organization\",\"@id\":\"https:\/\/www.latelierraphael.fr\/#organization\",\"name\":\"L'Atelier Rapha\\u00ebl\",\"url\":\"https:\/\/www.latelierraphael.fr\/\",\"sameAs\":[],\"logo\":{\"@type\":\"ImageObject\",\"@id\":\"https:\/\/www.latelierraphael.fr\/#logo\",\"inLanguage\":\"fr-FR\",\"url\":\"https:\/\/www.latelierraphael.fr\/wp-content\/uploads\/2020\/01\/logo-test-ppt.jpg\",\"width\":1280,\"height\":720,\"caption\":\"L'Atelier Rapha\\u00ebl\"},\"image\":{\"@id\":\"https:\/\/www.latelierraphael.fr\/#logo\"}},{\"@type\":\"WebSite\",\"@id\":\"https:\/\/www.latelierraphael.fr\/#website\",\"url\":\"https:\/\/www.latelierraphael.fr\/\",\"name\":\"L&#039;Atelier Rapha\\u00ebl\",\"description\":\"Formations d&#039;art-th\\u00e9rapie selon la m\\u00e9thode de peinture de Margarethe Hauschka\",\"publisher\":{\"@id\":\"https:\/\/www.latelierraphael.fr\/#organization\"},\"potentialAction\":[{\"@type\":\"SearchAction\",\"target\":\"https:\/\/www.latelierraphael.fr\/?s={search_term_string}\",\"query-input\":\"required name=search_term_string\"}],\"inLanguage\":\"fr-FR\"},{\"@type\":\"WebPage\",\"@id\":\"https:\/\/www.latelierraphael.fr\/index.php\/les-enseignements-en-auditeur-libre\/#webpage\",\"url\":\"https:\/\/www.latelierraphael.fr\/index.php\/les-enseignements-en-auditeur-libre\/\",\"name\":\"Suivre les enseignements en auditeur libre - L&#039;Atelier Rapha\\u00ebl\",\"isPartOf\":{\"@id\":\"https:\/\/www.latelierraphael.fr\/#website\"},\"datePublished\":\"2021-02-12T13:36:40+00:00\",\"dateModified\":\"2023-05-04T09:12:40+00:00\",\"breadcrumb\":{\"@id\":\"https:\/\/www.latelierraphael.fr\/index.php\/les-enseignements-en-auditeur-libre\/#breadcrumb\"},\"inLanguage\":\"fr-FR\",\"potentialAction\":[{\"@type\":\"ReadAction\",\"target\":[\"https:\/\/www.latelierraphael.fr\/index.php\/les-enseignements-en-auditeur-libre\/\"]}]},{\"@type\":\"BreadcrumbList\",\"@id\":\"https:\/\/www.latelierraphael.fr\/index.php\/les-enseignements-en-auditeur-libre\/#breadcrumb\",\"itemListElement\":[{\"@type\":\"ListItem\",\"position\":1,\"item\":{\"@type\":\"WebPage\",\"@id\":\"https:\/\/www.latelierraphael.fr\/\",\"url\":\"https:\/\/www.latelierraphael.fr\/\",\"name\":\"Accueil\"}},{\"@type\":\"ListItem\",\"position\":2,\"item\":{\"@type\":\"WebPage\",\"@id\":\"https:\/\/www.latelierraphael.fr\/index.php\/les-enseignements-en-auditeur-libre\/\",\"url\":\"https:\/\/www.latelierraphael.fr\/index.php\/les-enseignements-en-auditeur-libre\/\",\"name\":\"Suivre les enseignements en auditeur libre\"}}]}]}<\/script>\n<!-- \/ Yoast SEO plugin. -->","_links":{"self":[{"href":"https:\/\/www.latelierraphael.fr\/index.php\/wp-json\/wp\/v2\/pages\/2645"}],"collection":[{"href":"https:\/\/www.latelierraphael.fr\/index.php\/wp-json\/wp\/v2\/pages"}],"about":[{"href":"https:\/\/www.latelierraphael.fr\/index.php\/wp-json\/wp\/v2\/types\/page"}],"author":[{"embeddable":true,"href":"https:\/\/www.latelierraphael.fr\/index.php\/wp-json\/wp\/v2\/users\/1"}],"replies":[{"embeddable":true,"href":"https:\/\/www.latelierraphael.fr\/index.php\/wp-json\/wp\/v2\/comments?post=2645"}],"version-history":[{"count":30,"href":"https:\/\/www.latelierraphael.fr\/index.php\/wp-json\/wp\/v2\/pages\/2645\/revisions"}],"predecessor-version":[{"id":3030,"href":"https:\/\/www.latelierraphael.fr\/index.php\/wp-json\/wp\/v2\/pages\/2645\/revisions\/3030"}],"wp:attachment":[{"href":"https:\/\/www.latelierraphael.fr\/index.php\/wp-json\/wp\/v2\/media?parent=2645"}],"curies":[{"name":"wp","href":"https:\/\/api.w.org\/{rel}","templated":true}]}}